{"id":474,"date":"2024-08-05T22:29:45","date_gmt":"2024-08-05T20:29:45","guid":{"rendered":"https:\/\/archeosub71.freeboxos.fr\/?page_id=474"},"modified":"2024-08-05T22:32:11","modified_gmt":"2024-08-05T20:32:11","slug":"dive-site-manager","status":"publish","type":"page","link":"https:\/\/archeosub71.freeboxos.fr\/?page_id=474","title":{"rendered":"Dive Site Manager"},"content":{"rendered":"\n<p><code>    <div class=\"divesites-container alignfull\" style=\"width:85%;\">\r\n                    <div id=\"dive-site-479\"  class=\"divesite-container-horizontal divesite-col-2\">\r\n                <div class=\"divesite-horizontal\">\r\n                    <div class=\"divesite-horizontal-column-image\">\r\n                        <div class=\"divesite-image\" style=\"width:100%;\"><img decoding=\"async\" width=\"2560\" height=\"1244\" src=\"https:\/\/archeosub71.freeboxos.fr\/wp-content\/uploads\/2024\/08\/20240605_160250-scaled.jpg\" class=\"attachment-post-thumbnail size-post-thumbnail wp-post-image\" alt=\"\" srcset=\"https:\/\/archeosub71.freeboxos.fr\/wp-content\/uploads\/2024\/08\/20240605_160250-scaled.jpg 2560w, https:\/\/archeosub71.freeboxos.fr\/wp-content\/uploads\/2024\/08\/20240605_160250-300x146.jpg 300w, https:\/\/archeosub71.freeboxos.fr\/wp-content\/uploads\/2024\/08\/20240605_160250-1024x498.jpg 1024w, https:\/\/archeosub71.freeboxos.fr\/wp-content\/uploads\/2024\/08\/20240605_160250-768x373.jpg 768w, https:\/\/archeosub71.freeboxos.fr\/wp-content\/uploads\/2024\/08\/20240605_160250-1536x747.jpg 1536w, https:\/\/archeosub71.freeboxos.fr\/wp-content\/uploads\/2024\/08\/20240605_160250-2048x996.jpg 2048w, https:\/\/archeosub71.freeboxos.fr\/wp-content\/uploads\/2024\/08\/20240605_160250-40x19.jpg 40w\" sizes=\"(max-width: 2560px) 100vw, 2560px\" \/><\/div>\r\n                    <\/div>\r\n                    <div class=\"divesite-horizontal-column-text\">\r\n                        <div class=\"divesite-title-container\">\r\n                            <h3 class=\"divesite-title\" style=\"color:#dd9933;\">Palmes, Masque, Tuba en Grosne <\/h3>\r\n                                                    <\/div>\r\n                        <div class=\"divesite-options-container\">\r\n                                                                    <span style=\"color:#282828;\" class=\"dashicons dashicons-art\"><\/span>\r\n                                        <span class=\"divesite-option-title\" style=\"color:#282828;\">Type de plong\u00e9e: <\/span>\r\n                                        <span class=\"divesite-option-value\" style=\"color:#282828;\">PMT <\/span><br>\r\n                                                                                <span style=\"color:#282828;\" class=\"dashicons dashicons-dashboard\"><\/span>\r\n                                        <span class=\"divesite-option-title\" style=\"color:#282828;\">Profondeur: <\/span>\r\n                                        <span class=\"divesite-option-value\" style=\"color:#282828;\">maximum 1 m\u00e8tre <\/span><br>\r\n                                                                                <span style=\"color:#282828;\" class=\"dashicons dashicons-universal-access-alt\"><\/span>\r\n                                        <span class=\"divesite-option-title\" style=\"color:#282828;\">Niveau: <\/span>\r\n                                        <span class=\"divesite-option-value\" style=\"color:#282828;\">Visibilit\u00e9 suivant les crues <\/span><br>\r\n                                                                                <span style=\"color:#282828;\" class=\"dashicons dashicons-menu\"><\/span>\r\n                                        <span class=\"divesite-option-title\" style=\"color:#282828;\">Courant: <\/span>\r\n                                        <span class=\"divesite-option-value\" style=\"color:#282828;\">de faible \u00e0 fort <\/span><br>\r\n                                                                <\/div>\r\n                    <\/div>\r\n                <\/div>\r\n                \r\n            <\/div> <!--end divesite-container-->\r\n                    <div id=\"dive-site-464\"  class=\"divesite-container-horizontal divesite-col-2\">\r\n                <div class=\"divesite-horizontal\">\r\n                    <div class=\"divesite-horizontal-column-image\">\r\n                        <div class=\"divesite-image\" style=\"width:100%;\"><img decoding=\"async\" width=\"2560\" height=\"1244\" src=\"https:\/\/archeosub71.freeboxos.fr\/wp-content\/uploads\/2024\/07\/20240626_124050-scaled.jpg\" class=\"attachment-post-thumbnail size-post-thumbnail wp-post-image\" alt=\"\" srcset=\"https:\/\/archeosub71.freeboxos.fr\/wp-content\/uploads\/2024\/07\/20240626_124050-scaled.jpg 2560w, https:\/\/archeosub71.freeboxos.fr\/wp-content\/uploads\/2024\/07\/20240626_124050-300x146.jpg 300w, https:\/\/archeosub71.freeboxos.fr\/wp-content\/uploads\/2024\/07\/20240626_124050-1024x498.jpg 1024w, https:\/\/archeosub71.freeboxos.fr\/wp-content\/uploads\/2024\/07\/20240626_124050-768x373.jpg 768w, https:\/\/archeosub71.freeboxos.fr\/wp-content\/uploads\/2024\/07\/20240626_124050-1536x747.jpg 1536w, https:\/\/archeosub71.freeboxos.fr\/wp-content\/uploads\/2024\/07\/20240626_124050-2048x996.jpg 2048w\" sizes=\"(max-width: 2560px) 100vw, 2560px\" \/><\/div>\r\n                    <\/div>\r\n                    <div class=\"divesite-horizontal-column-text\">\r\n                        <div class=\"divesite-title-container\">\r\n                            <h3 class=\"divesite-title\" style=\"color:#dd9933;\">Plong\u00e9e en Sa\u00f4ne <\/h3>\r\n                                                    <\/div>\r\n                        <div class=\"divesite-options-container\">\r\n                                                                    <span style=\"color:#282828;\" class=\"dashicons dashicons-art\"><\/span>\r\n                                        <span class=\"divesite-option-title\" style=\"color:#282828;\">Type de plong\u00e9e: <\/span>\r\n                                        <span class=\"divesite-option-value\" style=\"color:#282828;\">plong\u00e9e bouteille \u00e0 L'air <\/span><br>\r\n                                                                                <span style=\"color:#282828;\" class=\"dashicons dashicons-dashboard\"><\/span>\r\n                                        <span class=\"divesite-option-title\" style=\"color:#282828;\">Profondeur: <\/span>\r\n                                        <span class=\"divesite-option-value\" style=\"color:#282828;\">Rester dans la zone des 4 \u00e0 5 m\u00e8tres, maximum 8 m\u00e8tres au milieu du chenal (qui est interdit \u00e0 cause de la navigation) <\/span><br>\r\n                                                                                <span style=\"color:#282828;\" class=\"dashicons dashicons-universal-access-alt\"><\/span>\r\n                                        <span class=\"divesite-option-title\" style=\"color:#282828;\">Niveau: <\/span>\r\n                                        <span class=\"divesite-option-value\" style=\"color:#282828;\">Visibilit\u00e9 parfois r\u00e9duite, orientation parfois compliqu\u00e9e <\/span><br>\r\n                                                                                <span style=\"color:#282828;\" class=\"dashicons dashicons-menu\"><\/span>\r\n                                        <span class=\"divesite-option-title\" style=\"color:#282828;\">Courant: <\/span>\r\n                                        <span class=\"divesite-option-value\" style=\"color:#282828;\">courant variable, entre nul et fort <\/span><br>\r\n                                                                <\/div>\r\n                    <\/div>\r\n                <\/div>\r\n                \r\n            <\/div> <!--end divesite-container-->\r\n            <\/div> <!--end divesites-container-->\r\n\r\n<\/code><\/p>\n\n\n\n<p><code>    <div class=\"alignfull divesites-container\">\r\n        \r\n        <div class=\"leaflet-map WPLeafletMap\" style=\"height:600px; width:80%;\"><\/div><script>\nwindow.WPLeafletMapPlugin = window.WPLeafletMapPlugin || [];\nwindow.WPLeafletMapPlugin.push(function WPLeafletMapShortcode() {\/*<script>*\/\nvar baseUrl = atob('aHR0cHM6Ly90aWxlLm9wZW5zdHJlZXRtYXAub3JnL3t6fS97eH0ve3l9LnBuZw==');\nvar base = (!baseUrl && window.MQ) ?\n    window.MQ.mapLayer() : L.tileLayer(baseUrl,\n        L.Util.extend({}, {\n            detectRetina: 0,\n        },\n        {\"subdomains\":\"abc\",\"noWrap\":false,\"maxZoom\":17}        )\n    );\n    var options = L.Util.extend({}, {\n        layers: [base],\n        attributionControl: false\n    },\n    {\"zoomControl\":true,\"scrollWheelZoom\":true,\"doubleClickZoom\":true,\"fitBounds\":true,\"minZoom\":0,\"maxZoom\":17,\"maxBounds\":null,\"attribution\":\"<a href=\\\"http:\\\/\\\/leafletjs.com\\\" title=\\\"Une biblioth\\u00e8que JS pour des cartes interactives\\\">Leaflet<\\\/a>; \\u00a9 <a href=\\\"http:\\\/\\\/www.openstreetmap.org\\\/copyright\\\">OpenStreetMap<\\\/a> contributeurs\\\/contributrices\"},\n    {});\nwindow.WPLeafletMapPlugin.createMap(options).setView([44.67,-63.61],12);});<\/script>\t\r\n        <script>\nwindow.WPLeafletMapPlugin = window.WPLeafletMapPlugin || [];\nwindow.WPLeafletMapPlugin.push(function WPLeafletMarkerShortcode() {\/*<script>*\/\nvar map = window.WPLeafletMapPlugin.getCurrentMap();\nvar group = window.WPLeafletMapPlugin.getCurrentGroup();\nvar marker_options = window.WPLeafletMapPlugin.getIconOptions({\"iconUrl\":\"https:\\\/\\\/archeosub71.freeboxos.fr\\\/wp-content\\\/uploads\\\/2024\\\/08\\\/chalon-alleriot-40x25.png\",\"iconAnchor\":\"30,40\"});\nvar marker = L.marker(\n    [,0],\n    marker_options\n);\nvar is_image = map.is_image_map;\nif (marker_options.draggable) {\n    marker.on('dragend', function () {\n        var latlng = this.getLatLng();\n        var lat = latlng.lat;\n        var lng = latlng.lng;\n        if (is_image) {\n            console.log('leaflet-marker y=' + lat + ' x=' + lng);\n        } else {\n            console.log('leaflet-marker lat=' + lat + ' lng=' + lng);\n        }\n    });\n}\nmarker.addTo( group );\nmarker.bindPopup(window.WPLeafletMapPlugin.unescape('&lt;a href=\\&quot;#dive-site-479\\&quot;&gt;Palmes, Masque, Tuba en Grosne&lt;\/a&gt;')).openPopup();window.WPLeafletMapPlugin.markers.push( marker );\n        });<\/script><script>\nwindow.WPLeafletMapPlugin = window.WPLeafletMapPlugin || [];\nwindow.WPLeafletMapPlugin.push(function WPLeafletMarkerShortcode() {\/*<script>*\/\nvar map = window.WPLeafletMapPlugin.getCurrentMap();\nvar group = window.WPLeafletMapPlugin.getCurrentGroup();\nvar marker_options = window.WPLeafletMapPlugin.getIconOptions({\"iconUrl\":\"https:\\\/\\\/archeosub71.freeboxos.fr\\\/wp-content\\\/uploads\\\/2024\\\/08\\\/chalon-alleriot-40x25.png\",\"iconAnchor\":\"30,40\"});\nvar marker = L.marker(\n    [,0],\n    marker_options\n);\nvar is_image = map.is_image_map;\nif (marker_options.draggable) {\n    marker.on('dragend', function () {\n        var latlng = this.getLatLng();\n        var lat = latlng.lat;\n        var lng = latlng.lng;\n        if (is_image) {\n            console.log('leaflet-marker y=' + lat + ' x=' + lng);\n        } else {\n            console.log('leaflet-marker lat=' + lat + ' lng=' + lng);\n        }\n    });\n}\nmarker.addTo( group );\nmarker.bindPopup(window.WPLeafletMapPlugin.unescape('&lt;a href=\\&quot;#dive-site-464\\&quot;&gt;Plong\u00e9e en Sa\u00f4ne&lt;\/a&gt;')).openPopup();window.WPLeafletMapPlugin.markers.push( marker );\n        });<\/script>    <\/div>\r\n\r\n<\/code><\/p>\n\n\n\n<p><\/p>\n","protected":false},"excerpt":{"rendered":"","protected":false},"author":1,"featured_media":0,"parent":0,"menu_order":0,"comment_status":"closed","ping_status":"closed","template":"template-basic","meta":{"footnotes":""},"class_list":["post-474","page","type-page","status-publish","hentry"],"jetpack_sharing_enabled":true,"_links":{"self":[{"href":"https:\/\/archeosub71.freeboxos.fr\/index.php?rest_route=\/wp\/v2\/pages\/474","targetHints":{"allow":["GET"]}}],"collection":[{"href":"https:\/\/archeosub71.freeboxos.fr\/index.php?rest_route=\/wp\/v2\/pages"}],"about":[{"href":"https:\/\/archeosub71.freeboxos.fr\/index.php?rest_route=\/wp\/v2\/types\/page"}],"author":[{"embeddable":true,"href":"https:\/\/archeosub71.freeboxos.fr\/index.php?rest_route=\/wp\/v2\/users\/1"}],"replies":[{"embeddable":true,"href":"https:\/\/archeosub71.freeboxos.fr\/index.php?rest_route=%2Fwp%2Fv2%2Fcomments&post=474"}],"version-history":[{"count":3,"href":"https:\/\/archeosub71.freeboxos.fr\/index.php?rest_route=\/wp\/v2\/pages\/474\/revisions"}],"predecessor-version":[{"id":478,"href":"https:\/\/archeosub71.freeboxos.fr\/index.php?rest_route=\/wp\/v2\/pages\/474\/revisions\/478"}],"wp:attachment":[{"href":"https:\/\/archeosub71.freeboxos.fr\/index.php?rest_route=%2Fwp%2Fv2%2Fmedia&parent=474"}],"curies":[{"name":"wp","href":"https:\/\/api.w.org\/{rel}","templated":true}]}}